{"id":164,"date":"2025-10-20T19:17:43","date_gmt":"2025-10-20T17:17:43","guid":{"rendered":"https:\/\/test.luszczekkamilll.pl.luszczekkamill.pl\/?page_id=164"},"modified":"2025-10-25T14:38:39","modified_gmt":"2025-10-25T12:38:39","slug":"galeria","status":"publish","type":"page","link":"https:\/\/test.luszczekkamilll.pl.luszczekkamill.pl\/?page_id=164","title":{"rendered":"Galeria"},"content":{"rendered":"\t\t<div data-elementor-type=\"wp-page\" data-elementor-id=\"164\" class=\"elementor elementor-164\" data-elementor-post-type=\"page\">\n\t\t\t\t\t\t<section class=\"elementor-section elementor-top-section elementor-element elementor-element-56673ab elementor-section-full_width elementor-section-stretched elementor-section-height-full elementor-section-height-default elementor-section-items-middle\" data-id=\"56673ab\" data-element_type=\"section\" data-settings=\"{&quot;stretch_section&quot;:&quot;section-stretched&quot;,&quot;background_background&quot;:&quot;video&quot;}\">\n\t\t\t\t\t\t\t<div class=\"elementor-background-overlay\"><\/div>\n\t\t\t\t\t\t\t<div class=\"elementor-container elementor-column-gap-default\">\n\t\t\t\t\t<div class=\"elementor-column elementor-col-100 elementor-top-column elementor-element elementor-element-99d0a1e\" data-id=\"99d0a1e\" data-element_type=\"column\">\n\t\t\t<div class=\"elementor-widget-wrap elementor-element-populated\">\n\t\t\t\t\t\t<div class=\"elementor-element elementor-element-eed8744 elementor-widget elementor-widget-heading\" data-id=\"eed8744\" data-element_type=\"widget\" data-widget_type=\"heading.default\">\n\t\t\t\t\t<h1 class=\"elementor-heading-title elementor-size-default\">Galeria\n<\/h1>\t\t\t\t<\/div>\n\t\t\t\t<div class=\"elementor-element elementor-element-525b784 elementor-widget elementor-widget-heading\" data-id=\"525b784\" data-element_type=\"widget\" data-widget_type=\"heading.default\">\n\t\t\t\t\t<h2 class=\"elementor-heading-title elementor-size-default\">Sprawd\u017a galerie realizacji<\/h2>\t\t\t\t<\/div>\n\t\t\t\t<div class=\"elementor-element elementor-element-e7fa34b elementor-widget-divider--view-line elementor-widget elementor-widget-divider\" data-id=\"e7fa34b\" data-element_type=\"widget\" data-widget_type=\"divider.default\">\n\t\t\t\t\t\t\t<div class=\"elementor-divider\">\n\t\t\t<span class=\"elementor-divider-separator\">\n\t\t\t\t\t\t<\/span>\n\t\t<\/div>\n\t\t\t\t\t\t<\/div>\n\t\t\t\t<div class=\"elementor-element elementor-element-0e66257 elementor-widget elementor-widget-text-editor\" data-id=\"0e66257\" data-element_type=\"widget\" data-widget_type=\"text-editor.default\">\n\t\t\t\t\t\t\t\t\t<div class=\"wp-block-uagb-advanced-heading uagb-block-bc615840\"><p class=\"uagb-heading-text\">Je\u015bli szukasz wyj\u0105tkowych i naturalnych zdj\u0119\u0107 \u015blubnych, to jeste\u015b we w\u0142a\u015bciwym miejscu.<\/p><\/div><div class=\"wp-block-uagb-advanced-heading uagb-block-e5b25f40\"><p class=\"uagb-heading-text\">Zapraszam do zapoznania si\u0119 z moj\u0105 ofert\u0105 fotografii \u015blubnej, a tak\u017ce moj\u0105 stron\u0105 internetow\u0105, na kt\u00f3rej znajdziesz przyk\u0142ady moich prac oraz filmy prezentuj\u0105ce moje umiej\u0119tno\u015bci.<\/p><\/div>\t\t\t\t\t\t\t\t<\/div>\n\t\t\t\t\t<\/div>\n\t\t<\/div>\n\t\t\t\t\t<\/div>\n\t\t<\/section>\n\t\t\t\t<section class=\"elementor-section elementor-top-section elementor-element elementor-element-bbed1d0 elementor-section-full_width elementor-section-stretched elementor-section-height-default elementor-section-height-default\" data-id=\"bbed1d0\" data-element_type=\"section\" data-settings=\"{&quot;stretch_section&quot;:&quot;section-stretched&quot;}\">\n\t\t\t\t\t\t<div class=\"elementor-container elementor-column-gap-default\">\n\t\t\t\t\t<div class=\"elementor-column elementor-col-100 elementor-top-column elementor-element elementor-element-82f37a4\" data-id=\"82f37a4\" data-element_type=\"column\">\n\t\t\t<div class=\"elementor-widget-wrap elementor-element-populated\">\n\t\t\t\t\t\t<div class=\"elementor-element elementor-element-a1609f3 elementor-widget elementor-widget-heading\" data-id=\"a1609f3\" data-element_type=\"widget\" data-widget_type=\"heading.default\">\n\t\t\t\t\t<h4 class=\"elementor-heading-title elementor-size-default\">Fotografia \u015blubna<\/h4>\t\t\t\t<\/div>\n\t\t\t\t<div class=\"elementor-element elementor-element-eab0099 elementor-widget elementor-widget-heading\" data-id=\"eab0099\" data-element_type=\"widget\" data-widget_type=\"heading.default\">\n\t\t\t\t\t<h2 class=\"elementor-heading-title elementor-size-default\">Przyk\u0142adowa realizacja<\/h2>\t\t\t\t<\/div>\n\t\t\t\t<div class=\"elementor-element elementor-element-8e9a378 elementor-widget-divider--view-line elementor-widget elementor-widget-divider\" data-id=\"8e9a378\" data-element_type=\"widget\" data-widget_type=\"divider.default\">\n\t\t\t\t\t\t\t<div class=\"elementor-divider\">\n\t\t\t<span class=\"elementor-divider-separator\">\n\t\t\t\t\t\t<\/span>\n\t\t<\/div>\n\t\t\t\t\t\t<\/div>\n\t\t\t\t<div class=\"elementor-element elementor-element-3f1cb8b elementor-widget elementor-widget-gallery\" data-id=\"3f1cb8b\" data-element_type=\"widget\" data-settings=\"{&quot;gallery_layout&quot;:&quot;justified&quot;,&quot;ideal_row_height&quot;:{&quot;unit&quot;:&quot;px&quot;,&quot;size&quot;:402,&quot;sizes&quot;:[]},&quot;ideal_row_height_tablet&quot;:{&quot;unit&quot;:&quot;px&quot;,&quot;size&quot;:194,&quot;sizes&quot;:[]},&quot;gap_tablet&quot;:{&quot;unit&quot;:&quot;px&quot;,&quot;size&quot;:8,&quot;sizes&quot;:[]},&quot;lazyload&quot;:&quot;yes&quot;,&quot;ideal_row_height_widescreen&quot;:{&quot;unit&quot;:&quot;px&quot;,&quot;size&quot;:&quot;&quot;,&quot;sizes&quot;:[]},&quot;ideal_row_height_laptop&quot;:{&quot;unit&quot;:&quot;px&quot;,&quot;size&quot;:150,&quot;sizes&quot;:[]},&quot;ideal_row_height_mobile&quot;:{&quot;unit&quot;:&quot;px&quot;,&quot;size&quot;:150,&quot;sizes&quot;:[]},&quot;gap&quot;:{&quot;unit&quot;:&quot;px&quot;,&quot;size&quot;:10,&quot;sizes&quot;:[]},&quot;gap_widescreen&quot;:{&quot;unit&quot;:&quot;px&quot;,&quot;size&quot;:&quot;&quot;,&quot;sizes&quot;:[]},&quot;gap_laptop&quot;:{&quot;unit&quot;:&quot;px&quot;,&quot;size&quot;:10,&quot;sizes&quot;:[]},&quot;gap_mobile&quot;:{&quot;unit&quot;:&quot;px&quot;,&quot;size&quot;:10,&quot;sizes&quot;:[]},&quot;link_to&quot;:&quot;file&quot;,&quot;overlay_background&quot;:&quot;yes&quot;,&quot;content_hover_animation&quot;:&quot;fade-in&quot;}\" data-widget_type=\"gallery.default\">\n\t\t\t\t\t\t\t<div class=\"elementor-gallery__container\">\n\t\t\t\t\t\t\t<a class=\"e-gallery-item elementor-gallery-item elementor-animated-content\" href=\"https:\/\/test.luszczekkamilll.pl.luszczekkamill.pl\/wp-content\/uploads\/2025\/10\/default-org-8-1.jpg\" data-elementor-open-lightbox=\"yes\" data-elementor-lightbox-slideshow=\"3f1cb8b\" data-elementor-lightbox-title=\"default-org-8\" data-e-action-hash=\"#elementor-action%3Aaction%3Dlightbox%26settings%3DeyJpZCI6MTM4LCJ1cmwiOiJodHRwczpcL1wvdGVzdC5sdXN6Y3pla2thbWlsbGwucGwubHVzemN6ZWtrYW1pbGwucGxcL3dwLWNvbnRlbnRcL3VwbG9hZHNcLzIwMjVcLzEwXC9kZWZhdWx0LW9yZy04LTEuanBnIiwic2xpZGVzaG93IjoiM2YxY2I4YiJ9\">\n\t\t\t\t\t<div class=\"e-gallery-image elementor-gallery-item__image\" data-thumbnail=\"https:\/\/test.luszczekkamilll.pl.luszczekkamill.pl\/wp-content\/uploads\/2025\/10\/default-org-8-1.jpg\" data-width=\"2048\" data-height=\"1367\" aria-label=\"\" role=\"img\" ><\/div>\n\t\t\t\t\t\t\t\t\t\t\t<div class=\"elementor-gallery-item__overlay\"><\/div>\n\t\t\t\t\t\t\t\t\t\t\t\t\t\t<\/a>\n\t\t\t\t\t\t\t<a class=\"e-gallery-item elementor-gallery-item elementor-animated-content\" href=\"https:\/\/test.luszczekkamilll.pl.luszczekkamill.pl\/wp-content\/uploads\/2025\/10\/default-org.jpg\" data-elementor-open-lightbox=\"yes\" data-elementor-lightbox-slideshow=\"3f1cb8b\" data-elementor-lightbox-title=\"default-org\" data-e-action-hash=\"#elementor-action%3Aaction%3Dlightbox%26settings%3DeyJpZCI6MTI2LCJ1cmwiOiJodHRwczpcL1wvdGVzdC5sdXN6Y3pla2thbWlsbGwucGwubHVzemN6ZWtrYW1pbGwucGxcL3dwLWNvbnRlbnRcL3VwbG9hZHNcLzIwMjVcLzEwXC9kZWZhdWx0LW9yZy5qcGciLCJzbGlkZXNob3ciOiIzZjFjYjhiIn0%3D\">\n\t\t\t\t\t<div class=\"e-gallery-image elementor-gallery-item__image\" data-thumbnail=\"https:\/\/test.luszczekkamilll.pl.luszczekkamill.pl\/wp-content\/uploads\/2025\/10\/default-org.jpg\" data-width=\"2048\" data-height=\"1367\" aria-label=\"\" role=\"img\" ><\/div>\n\t\t\t\t\t\t\t\t\t\t\t<div class=\"elementor-gallery-item__overlay\"><\/div>\n\t\t\t\t\t\t\t\t\t\t\t\t\t\t<\/a>\n\t\t\t\t\t\t\t<a class=\"e-gallery-item elementor-gallery-item elementor-animated-content\" href=\"https:\/\/test.luszczekkamilll.pl.luszczekkamill.pl\/wp-content\/uploads\/2025\/10\/DSC04185-scaled-2.jpg\" data-elementor-open-lightbox=\"yes\" data-elementor-lightbox-slideshow=\"3f1cb8b\" data-elementor-lightbox-title=\"DSC04185-scaled\" data-e-action-hash=\"#elementor-action%3Aaction%3Dlightbox%26settings%3DeyJpZCI6ODEsInVybCI6Imh0dHBzOlwvXC90ZXN0Lmx1c3pjemVra2FtaWxsbC5wbC5sdXN6Y3pla2thbWlsbC5wbFwvd3AtY29udGVudFwvdXBsb2Fkc1wvMjAyNVwvMTBcL0RTQzA0MTg1LXNjYWxlZC0yLmpwZyIsInNsaWRlc2hvdyI6IjNmMWNiOGIifQ%3D%3D\">\n\t\t\t\t\t<div class=\"e-gallery-image elementor-gallery-item__image\" data-thumbnail=\"https:\/\/test.luszczekkamilll.pl.luszczekkamill.pl\/wp-content\/uploads\/2025\/10\/DSC04185-scaled-2.jpg\" data-width=\"2090\" data-height=\"2560\" aria-label=\"\" role=\"img\" ><\/div>\n\t\t\t\t\t\t\t\t\t\t\t<div class=\"elementor-gallery-item__overlay\"><\/div>\n\t\t\t\t\t\t\t\t\t\t\t\t\t\t<\/a>\n\t\t\t\t\t\t\t<a class=\"e-gallery-item elementor-gallery-item elementor-animated-content\" href=\"https:\/\/test.luszczekkamilll.pl.luszczekkamill.pl\/wp-content\/uploads\/2025\/10\/sesja-10-e1687953480112.jpg\" data-elementor-open-lightbox=\"yes\" data-elementor-lightbox-slideshow=\"3f1cb8b\" data-elementor-lightbox-title=\"sesja-10-e1687953480112\" data-e-action-hash=\"#elementor-action%3Aaction%3Dlightbox%26settings%3DeyJpZCI6ODIsInVybCI6Imh0dHBzOlwvXC90ZXN0Lmx1c3pjemVra2FtaWxsbC5wbC5sdXN6Y3pla2thbWlsbC5wbFwvd3AtY29udGVudFwvdXBsb2Fkc1wvMjAyNVwvMTBcL3Nlc2phLTEwLWUxNjg3OTUzNDgwMTEyLmpwZyIsInNsaWRlc2hvdyI6IjNmMWNiOGIifQ%3D%3D\">\n\t\t\t\t\t<div class=\"e-gallery-image elementor-gallery-item__image\" data-thumbnail=\"https:\/\/test.luszczekkamilll.pl.luszczekkamill.pl\/wp-content\/uploads\/2025\/10\/sesja-10-e1687953480112.jpg\" data-width=\"1304\" data-height=\"1122\" aria-label=\"\" role=\"img\" ><\/div>\n\t\t\t\t\t\t\t\t\t\t\t<div class=\"elementor-gallery-item__overlay\"><\/div>\n\t\t\t\t\t\t\t\t\t\t\t\t\t\t<\/a>\n\t\t\t\t\t\t\t<a class=\"e-gallery-item elementor-gallery-item elementor-animated-content\" href=\"https:\/\/test.luszczekkamilll.pl.luszczekkamill.pl\/wp-content\/uploads\/2025\/10\/330386466_1271462183406046_5772445179422825211_n.jpg\" data-elementor-open-lightbox=\"yes\" data-elementor-lightbox-slideshow=\"3f1cb8b\" data-elementor-lightbox-title=\"330386466_1271462183406046_5772445179422825211_n\" data-e-action-hash=\"#elementor-action%3Aaction%3Dlightbox%26settings%3DeyJpZCI6NjIsInVybCI6Imh0dHBzOlwvXC90ZXN0Lmx1c3pjemVra2FtaWxsbC5wbC5sdXN6Y3pla2thbWlsbC5wbFwvd3AtY29udGVudFwvdXBsb2Fkc1wvMjAyNVwvMTBcLzMzMDM4NjQ2Nl8xMjcxNDYyMTgzNDA2MDQ2XzU3NzI0NDUxNzk0MjI4MjUyMTFfbi5qcGciLCJzbGlkZXNob3ciOiIzZjFjYjhiIn0%3D\">\n\t\t\t\t\t<div class=\"e-gallery-image elementor-gallery-item__image\" data-thumbnail=\"https:\/\/test.luszczekkamilll.pl.luszczekkamill.pl\/wp-content\/uploads\/2025\/10\/330386466_1271462183406046_5772445179422825211_n.jpg\" data-width=\"2048\" data-height=\"1365\" aria-label=\"\" role=\"img\" ><\/div>\n\t\t\t\t\t\t\t\t\t\t\t<div class=\"elementor-gallery-item__overlay\"><\/div>\n\t\t\t\t\t\t\t\t\t\t\t\t\t\t<\/a>\n\t\t\t\t\t\t\t<a class=\"e-gallery-item elementor-gallery-item elementor-animated-content\" href=\"https:\/\/test.luszczekkamilll.pl.luszczekkamill.pl\/wp-content\/uploads\/2025\/10\/lead-mini-4-1.jpg\" data-elementor-open-lightbox=\"yes\" data-elementor-lightbox-slideshow=\"3f1cb8b\" data-elementor-lightbox-title=\"lead-mini-4-1\" data-e-action-hash=\"#elementor-action%3Aaction%3Dlightbox%26settings%3DeyJpZCI6ODgsInVybCI6Imh0dHBzOlwvXC90ZXN0Lmx1c3pjemVra2FtaWxsbC5wbC5sdXN6Y3pla2thbWlsbC5wbFwvd3AtY29udGVudFwvdXBsb2Fkc1wvMjAyNVwvMTBcL2xlYWQtbWluaS00LTEuanBnIiwic2xpZGVzaG93IjoiM2YxY2I4YiJ9\">\n\t\t\t\t\t<div class=\"e-gallery-image elementor-gallery-item__image\" data-thumbnail=\"https:\/\/test.luszczekkamilll.pl.luszczekkamill.pl\/wp-content\/uploads\/2025\/10\/lead-mini-4-1.jpg\" data-width=\"480\" data-height=\"480\" aria-label=\"\" role=\"img\" ><\/div>\n\t\t\t\t\t\t\t\t\t\t\t<div class=\"elementor-gallery-item__overlay\"><\/div>\n\t\t\t\t\t\t\t\t\t\t\t\t\t\t<\/a>\n\t\t\t\t\t<\/div>\n\t\t\t\t\t<\/div>\n\t\t\t\t\t<\/div>\n\t\t<\/div>\n\t\t\t\t\t<\/div>\n\t\t<\/section>\n\t\t\t\t<\/div>\n\t\t","protected":false},"excerpt":{"rendered":"<p>Galeria Sprawd\u017a galerie realizacji Je\u015bli szukasz wyj\u0105tkowych i naturalnych zdj\u0119\u0107 \u015blubnych, to jeste\u015b we w\u0142a\u015bciwym miejscu. Zapraszam do zapoznania si\u0119 [&hellip;]<\/p>\n","protected":false},"author":1,"featured_media":0,"parent":0,"menu_order":0,"comment_status":"closed","ping_status":"closed","template":"","meta":{"site-sidebar-layout":"no-sidebar","site-content-layout":"","ast-site-content-layout":"full-width-container","site-content-style":"default","site-sidebar-style":"default","ast-global-header-display":"","ast-banner-title-visibility":"","ast-main-header-display":"","ast-hfb-above-header-display":"","ast-hfb-below-header-display":"","ast-hfb-mobile-header-display":"","site-post-title":"","ast-breadcrumbs-content":"","ast-featured-img":"disabled","footer-sml-layout":"","theme-transparent-header-meta":"","adv-header-id-meta":"","stick-header-meta":"","header-above-stick-meta":"","header-main-stick-meta":"","header-below-stick-meta":"","astra-migrate-meta-layouts":"default","ast-page-background-enabled":"default","ast-page-background-meta":{"desktop":{"background-color":"var(--ast-global-color-5)","background-image":"","background-repeat":"repeat","background-position":"center center","background-size":"auto","background-attachment":"scroll","background-type":"","background-media":"","overlay-type":"","overlay-color":"","overlay-opacity":"","overlay-gradient":""},"tablet":{"background-color":"","background-image":"","background-repeat":"repeat","background-position":"center center","background-size":"auto","background-attachment":"scroll","background-type":"","background-media":"","overlay-type":"","overlay-color":"","overlay-opacity":"","overlay-gradient":""},"mobile":{"background-color":"","background-image":"","background-repeat":"repeat","background-position":"center center","background-size":"auto","background-attachment":"scroll","background-type":"","background-media":"","overlay-type":"","overlay-color":"","overlay-opacity":"","overlay-gradient":""}},"ast-content-background-meta":{"desktop":{"background-color":"var(--ast-global-color-4)","background-image":"","background-repeat":"repeat","background-position":"center center","background-size":"auto","background-attachment":"scroll","background-type":"","background-media":"","overlay-type":"","overlay-color":"","overlay-opacity":"","overlay-gradient":""},"tablet":{"background-color":"var(--ast-global-color-4)","background-image":"","background-repeat":"repeat","background-position":"center center","background-size":"auto","background-attachment":"scroll","background-type":"","background-media":"","overlay-type":"","overlay-color":"","overlay-opacity":"","overlay-gradient":""},"mobile":{"background-color":"var(--ast-global-color-4)","background-image":"","background-repeat":"repeat","background-position":"center center","background-size":"auto","background-attachment":"scroll","background-type":"","background-media":"","overlay-type":"","overlay-color":"","overlay-opacity":"","overlay-gradient":""}},"footnotes":""},"class_list":["post-164","page","type-page","status-publish","hentry"],"_links":{"self":[{"href":"https:\/\/test.luszczekkamilll.pl.luszczekkamill.pl\/index.php?rest_route=\/wp\/v2\/pages\/164","targetHints":{"allow":["GET"]}}],"collection":[{"href":"https:\/\/test.luszczekkamilll.pl.luszczekkamill.pl\/index.php?rest_route=\/wp\/v2\/pages"}],"about":[{"href":"https:\/\/test.luszczekkamilll.pl.luszczekkamill.pl\/index.php?rest_route=\/wp\/v2\/types\/page"}],"author":[{"embeddable":true,"href":"https:\/\/test.luszczekkamilll.pl.luszczekkamill.pl\/index.php?rest_route=\/wp\/v2\/users\/1"}],"replies":[{"embeddable":true,"href":"https:\/\/test.luszczekkamilll.pl.luszczekkamill.pl\/index.php?rest_route=%2Fwp%2Fv2%2Fcomments&post=164"}],"version-history":[{"count":0,"href":"https:\/\/test.luszczekkamilll.pl.luszczekkamill.pl\/index.php?rest_route=\/wp\/v2\/pages\/164\/revisions"}],"wp:attachment":[{"href":"https:\/\/test.luszczekkamilll.pl.luszczekkamill.pl\/index.php?rest_route=%2Fwp%2Fv2%2Fmedia&parent=164"}],"curies":[{"name":"wp","href":"https:\/\/api.w.org\/{rel}","templated":true}]}}